{"id":590,"date":"2020-09-14T14:46:27","date_gmt":"2020-09-14T12:46:27","guid":{"rendered":"https:\/\/meteojodoigne.be\/wp\/?page_id=590"},"modified":"2020-09-14T14:46:27","modified_gmt":"2020-09-14T12:46:27","slug":"la-connaissance-des-orages","status":"publish","type":"page","link":"https:\/\/meteosivry-rance.be\/site\/la-connaissance-des-orages\/","title":{"rendered":"La connaissance des orages"},"content":{"rendered":"\n    \n    <section class=\"u-clearfix u-grey-80 u-section-2\" id=\"sec-4428\">\n      <div class=\"u-clearfix u-sheet u-sheet-1\">\n        <h5 class=\"u-text u-text-default u-text-1\">La connaissance des Orages<\/h5>\n        <div class=\"u-clearfix u-custom-html u-custom-html-1\">\n          <iframe loading=\"lazy\" src=\"https:\/\/www.youtube.com\/embed\/knO1eCtSaJw\" allow=\"accelerometer; autoplay; encrypted-media; gyroscope; picture-in-picture\" allowfullscreen=\"\" width=\"560\" height=\"315\" frameborder=\"0\"><\/iframe>\n        <\/div>\n        <p class=\"u-text u-text-2\">Le documentaire qui nous est fourni gracieusement par www.belgorage.com,  nous apporte un expos\u00e9 clair et pr\u00e9cis sur la formation des orages. Il  nous parle de la gen\u00e8se du coup de foudre, du d\u00e9veloppement  des orages mono-cellulaires vers des multi-cellulaires ... Bref une pr\u00e9sentation didactique qui  donne  un \u00e9claircissement nouveau sur ce volet de la m\u00e9t\u00e9orologie dont le soleil est est le moteur. Bonne d\u00e9couverte.<\/p>\n      <\/div>\n    <\/section>\n    \n    \n    \n  \n","protected":false},"excerpt":{"rendered":"<p>La connaissance des Orages Le documentaire qui nous est fourni gracieusement par www.belgorage.com, nous apporte un expos\u00e9 clair et pr\u00e9cis sur la formation des orages. Il nous parle de la gen\u00e8se du coup de foudre, du d\u00e9veloppement des orages mono-cellulaires vers des multi-cellulaires &#8230; Bref une pr\u00e9sentation didactique qui donne un \u00e9claircissement nouveau sur ce &hellip; <a href=\"https:\/\/meteosivry-rance.be\/site\/la-connaissance-des-orages\/\" class=\"more-link\">Continue reading<span class=\"screen-reader-text\"> \u00ab\u00a0La connaissance des orages\u00a0\u00bb<\/span><\/a><\/p>\n","protected":false},"author":1,"featured_media":0,"parent":0,"menu_order":0,"comment_status":"closed","ping_status":"closed","template":"","meta":{"footnotes":""},"class_list":["post-590","page","type-page","status-publish","hentry"],"_links":{"self":[{"href":"https:\/\/meteosivry-rance.be\/site\/wp-json\/wp\/v2\/pages\/590","targetHints":{"allow":["GET"]}}],"collection":[{"href":"https:\/\/meteosivry-rance.be\/site\/wp-json\/wp\/v2\/pages"}],"about":[{"href":"https:\/\/meteosivry-rance.be\/site\/wp-json\/wp\/v2\/types\/page"}],"author":[{"embeddable":true,"href":"https:\/\/meteosivry-rance.be\/site\/wp-json\/wp\/v2\/users\/1"}],"replies":[{"embeddable":true,"href":"https:\/\/meteosivry-rance.be\/site\/wp-json\/wp\/v2\/comments?post=590"}],"version-history":[{"count":5,"href":"https:\/\/meteosivry-rance.be\/site\/wp-json\/wp\/v2\/pages\/590\/revisions"}],"predecessor-version":[{"id":632,"href":"https:\/\/meteosivry-rance.be\/site\/wp-json\/wp\/v2\/pages\/590\/revisions\/632"}],"wp:attachment":[{"href":"https:\/\/meteosivry-rance.be\/site\/wp-json\/wp\/v2\/media?parent=590"}],"curies":[{"name":"wp","href":"https:\/\/api.w.org\/{rel}","templated":true}]}}