{"id":520,"date":"2020-07-20T12:45:00","date_gmt":"2020-07-20T10:45:00","guid":{"rendered":"https:\/\/meteojodoigne.be\/wp\/?page_id=520"},"modified":"2021-01-20T13:52:09","modified_gmt":"2021-01-20T12:52:09","slug":"comment-suivre-les-tempetes","status":"publish","type":"page","link":"https:\/\/meteosivry-rance.be\/site\/comment-suivre-les-tempetes\/","title":{"rendered":"Comment suivre les tempetes"},"content":{"rendered":"\n    \n    <section class=\"u-clearfix u-grey-90 u-section-2\" id=\"sec-352c\">\n      <div class=\"u-clearfix u-sheet u-sheet-1\">\n        <h5 class=\"u-text u-text-1\">Comment suivre le temps qu'il va faire sur l'Europe et la Belgique?<br>\n        <\/h5>\n        <p class=\"u-text u-text-2\">Windyti est un projet de plusieurs pilotes de Kitesurf de la R\u00e9publique Tch\u00e8que. Il est donc essentiellement bas\u00e9 sur les cartes de vents selon le mod\u00e8le ECMWF( Mod\u00e8le&nbsp;de pr\u00e9vision num\u00e9rique du temps du Centre europ\u00e9en pour les pr\u00e9visions m\u00e9t\u00e9orologiques \u00e0 moyen terme). Il vous est toutefois possible d'y trouver les diff\u00e9rentes conditions climatiques \u00e0 savoir, la pression, la temp\u00e9rature, la neige, la houle. Vous pouvez \u00e9galement suivre les vitesses du vent \u00e0 plusieurs altitudes et ce jusqu'\u00e0 10.000 m (jet stream). Ce widget vous donne \u00e9galement les pr\u00e9visions m\u00e9t\u00e9o pour notre station de Sivry-Rance, Vous pouvez cliquer&nbsp; sur l'onglet \"Vent\" en haut \u00e0 droite et retrouver l'ensemble des param\u00e8tres que vous d\u00e9sirez analyser. Bonne d\u00e9couverte!&nbsp;<\/p>\n        <div class=\"u-clearfix u-custom-html u-custom-html-1\">\n          <iframe loading=\"lazy\" src=\"https:\/\/embed.windy.com\/embed2.html?lat=47.902&amp;lon=9.888&amp;detailLat=50.142&amp;detailLon=4.219&amp;width=1050&amp;height=850&amp;zoom=5&amp;level=surface&amp;overlay=wind&amp;product=ecmwf&amp;menu=&amp;message=true&amp;marker=true&amp;calendar=24&amp;pressure=true&amp;type=map&amp;location=coordinates&amp;detail=true&amp;metricWind=km%2Fh&amp;metricTemp=%C2%B0C&amp;radarRange=-1\" width=\"1050\" height=\"850\" frameborder=\"0\"><\/iframe>\n        <\/div>\n      <\/div>\n    <\/section>\n    \n    \n  \n","protected":false},"excerpt":{"rendered":"<p>Comment suivre le temps qu&rsquo;il va faire sur l&rsquo;Europe et la Belgique? Windyti est un projet de plusieurs pilotes de Kitesurf de la R\u00e9publique Tch\u00e8que. Il est donc essentiellement bas\u00e9 sur les cartes de vents selon le mod\u00e8le ECMWF( Mod\u00e8le&nbsp;de pr\u00e9vision num\u00e9rique du temps du Centre europ\u00e9en pour les pr\u00e9visions m\u00e9t\u00e9orologiques \u00e0 moyen terme). Il &hellip; <a href=\"https:\/\/meteosivry-rance.be\/site\/comment-suivre-les-tempetes\/\" class=\"more-link\">Continue reading<span class=\"screen-reader-text\"> \u00ab\u00a0Comment suivre les tempetes\u00a0\u00bb<\/span><\/a><\/p>\n","protected":false},"author":1,"featured_media":0,"parent":0,"menu_order":0,"comment_status":"closed","ping_status":"closed","template":"","meta":{"footnotes":""},"class_list":["post-520","page","type-page","status-publish","hentry"],"_links":{"self":[{"href":"https:\/\/meteosivry-rance.be\/site\/wp-json\/wp\/v2\/pages\/520","targetHints":{"allow":["GET"]}}],"collection":[{"href":"https:\/\/meteosivry-rance.be\/site\/wp-json\/wp\/v2\/pages"}],"about":[{"href":"https:\/\/meteosivry-rance.be\/site\/wp-json\/wp\/v2\/types\/page"}],"author":[{"embeddable":true,"href":"https:\/\/meteosivry-rance.be\/site\/wp-json\/wp\/v2\/users\/1"}],"replies":[{"embeddable":true,"href":"https:\/\/meteosivry-rance.be\/site\/wp-json\/wp\/v2\/comments?post=520"}],"version-history":[{"count":9,"href":"https:\/\/meteosivry-rance.be\/site\/wp-json\/wp\/v2\/pages\/520\/revisions"}],"predecessor-version":[{"id":1126,"href":"https:\/\/meteosivry-rance.be\/site\/wp-json\/wp\/v2\/pages\/520\/revisions\/1126"}],"wp:attachment":[{"href":"https:\/\/meteosivry-rance.be\/site\/wp-json\/wp\/v2\/media?parent=520"}],"curies":[{"name":"wp","href":"https:\/\/api.w.org\/{rel}","templated":true}]}}