{"id":427,"date":"2020-07-20T11:15:45","date_gmt":"2020-07-20T09:15:45","guid":{"rendered":"https:\/\/meteojodoigne.be\/wp\/?page_id=427"},"modified":"2023-07-28T17:38:07","modified_gmt":"2023-07-28T15:38:07","slug":"bulletin-pour-sivry","status":"publish","type":"page","link":"https:\/\/meteosivry-rance.be\/site\/bulletin-pour-sivry\/","title":{"rendered":"Bulletin pour Sivry-Rance"},"content":{"rendered":"\n    \n    <section class=\"u-clearfix u-section-2\" id=\"sec-f627\">\n      <div class=\"u-clearfix u-sheet u-sheet-1\">\n        <h5 class=\"u-text u-text-1\">Vigilance pour la r\u00e9gion de Sivry-Rance<\/h5>\n        <div class=\"u-clearfix u-custom-html u-expanded-width u-custom-html-1\">\n          <iframe loading=\"lazy\" src=\"https:\/\/meteosivry-rance.be\/site\/page_vigilance.php\" allowtransparency=\"true\" scrolling=\"no\" marginwidth=\"0\" marginheight=\"0\" width=\"650\" height=\"360\" frameborder=\"0\" align=\"middle\"><\/iframe>\n        <\/div>\n      <\/div>\n    <\/section>\n    <section class=\"u-align-left u-black u-clearfix u-section-3\" id=\"sec-2644\">\n      <div class=\"u-clearfix u-sheet u-valign-middle u-sheet-1\">\n        <p class=\"u-text u-text-default u-text-1\"><i>Le Widget m\u00e9t\u00e9o Maps &nbsp;de meteoblue pour Montbliart et Sivry-Ranc&nbsp; permet de visualiser les pr\u00e9cipitations qui circulent sur nos r\u00e9gions \u00e0 8 jours . Pour ce faire , il suffit de cliquer sur la fl\u00e8che en bas \u00e0 droite de cette carte pour conna\u00eetre la propagation des pr\u00e9cipitations . Bonne d\u00e9couverte.<\/i>\n        <\/p>\n        <div class=\"u-clearfix u-custom-html u-expanded-width u-custom-html-1\">\n          <iframe src=\"https:\/\/www.meteoblue.com\/fr\/meteo\/cartes\/widget\/montbliart_belgique_2790834?windAnimation=0&amp;gust=0&amp;satellite=0&amp;cloudsAndPrecipitation=0&amp;cloudsAndPrecipitation=1&amp;temperature=0&amp;sunshine=0&amp;extremeForecastIndex=0&amp;geoloc=fixed&amp;tempunit=C&amp;windunit=km%252Fh&amp;lengthunit=metric&amp;zoom=7&amp;autowidth=auto\" scrolling=\"NO\" allowtransparency=\"true\" sandbox=\"allow-same-origin allow-scripts allow-popups allow-popups-to-escape-sandbox\" style=\"width: 100%; height: 720px\" frameborder=\"0\"><\/iframe>\n          <div><!-- DO NOT REMOVE THIS LINK -->\n            <a href=\"https:\/\/www.meteoblue.com\/fr\/meteo\/cartes\/montbliart_belgique_2790834?utm_source=weather_widget&amp;utm_medium=linkus&amp;utm_content=map&amp;utm_campaign=Weather%2BWidget\" target=\"_blank\" rel=\"noopener\">meteoblue<\/a>\n          <\/div>\n        <\/div>\n      <\/div>\n    <\/section>\n    <section class=\"u-clearfix u-section-4\" id=\"sec-cfb7\">\n      <div class=\"u-clearfix u-sheet u-sheet-1\">\n        <div class=\"u-clearfix u-custom-html u-expanded-width u-custom-html-1\">\n          <iframe loading=\"lazy\" src=\"https:\/\/embed.windy.com\/embed2.html?lat=50.117&amp;lon=4.288&amp;detailLat=50.750&amp;detailLon=4.872&amp;width=650&amp;height=450&amp;zoom=7&amp;level=surface&amp;overlay=wind&amp;product=ecmwf&amp;menu=&amp;message=true&amp;marker=true&amp;calendar=now&amp;pressure=true&amp;type=map&amp;location=coordinates&amp;detail=&amp;metricWind=km%2Fh&amp;metricTemp=%C2%B0C&amp;radarRange=-1\" allowtransparency=\"true\" scrolling=\"no\" marginwidth=\"0\" marginheight=\"0\" width=\"650\" height=\"450\" frameborder=\"0\" align=\"middle\"><\/iframe>\n        <\/div>\n      <\/div>\n    <\/section>\n    <section class=\"u-clearfix u-grey-90 u-section-5\" id=\"carousel_e37c\">\n      <div class=\"u-clearfix u-sheet u-sheet-1\">\n        <h5 class=\"u-text u-text-1\">L\u00e9gende*:<\/h5>\n        <img decoding=\"async\" src=\"https:\/\/meteosivry-rance.be\/site\/wp-content\/uploads\/2020\/07\/legende.png\" alt=\"\" class=\"u-image u-image-default u-image-1\" data-image-width=\"670\" data-image-height=\"491\">\n      <\/div>\n    <\/section>\n    \n    \n  \n","protected":false},"excerpt":{"rendered":"<p>Vigilance pour la r\u00e9gion de Sivry-Rance Le Widget m\u00e9t\u00e9o Maps &nbsp;de meteoblue pour Montbliart et Sivry-Ranc&nbsp; permet de visualiser les pr\u00e9cipitations qui circulent sur nos r\u00e9gions \u00e0 8 jours . Pour ce faire , il suffit de cliquer sur la fl\u00e8che en bas \u00e0 droite de cette carte pour conna\u00eetre la propagation des pr\u00e9cipitations . &hellip; <a href=\"https:\/\/meteosivry-rance.be\/site\/bulletin-pour-sivry\/\" class=\"more-link\">Continue reading<span class=\"screen-reader-text\"> \u00ab\u00a0Bulletin pour Sivry-Rance\u00a0\u00bb<\/span><\/a><\/p>\n","protected":false},"author":1,"featured_media":0,"parent":0,"menu_order":0,"comment_status":"closed","ping_status":"closed","template":"","meta":{"footnotes":""},"class_list":["post-427","page","type-page","status-publish","hentry"],"_links":{"self":[{"href":"https:\/\/meteosivry-rance.be\/site\/wp-json\/wp\/v2\/pages\/427","targetHints":{"allow":["GET"]}}],"collection":[{"href":"https:\/\/meteosivry-rance.be\/site\/wp-json\/wp\/v2\/pages"}],"about":[{"href":"https:\/\/meteosivry-rance.be\/site\/wp-json\/wp\/v2\/types\/page"}],"author":[{"embeddable":true,"href":"https:\/\/meteosivry-rance.be\/site\/wp-json\/wp\/v2\/users\/1"}],"replies":[{"embeddable":true,"href":"https:\/\/meteosivry-rance.be\/site\/wp-json\/wp\/v2\/comments?post=427"}],"version-history":[{"count":13,"href":"https:\/\/meteosivry-rance.be\/site\/wp-json\/wp\/v2\/pages\/427\/revisions"}],"predecessor-version":[{"id":1312,"href":"https:\/\/meteosivry-rance.be\/site\/wp-json\/wp\/v2\/pages\/427\/revisions\/1312"}],"wp:attachment":[{"href":"https:\/\/meteosivry-rance.be\/site\/wp-json\/wp\/v2\/media?parent=427"}],"curies":[{"name":"wp","href":"https:\/\/api.w.org\/{rel}","templated":true}]}}