{"id":387,"date":"2020-07-17T14:50:51","date_gmt":"2020-07-17T12:50:51","guid":{"rendered":"https:\/\/meteojodoigne.be\/wp\/?page_id=387"},"modified":"2024-02-24T07:25:16","modified_gmt":"2024-02-24T06:25:16","slug":"impacts-detecteur-de-foudre","status":"publish","type":"page","link":"https:\/\/meteosivry-rance.be\/site\/impacts-detecteur-de-foudre\/","title":{"rendered":"Impacts detecteur de foudre"},"content":{"rendered":"\n    \n    <section class=\"u-clearfix u-grey-90 u-section-2\" id=\"sec-1f8f\">\n      <div class=\"u-clearfix u-sheet u-sheet-1\">\n        <h5 class=\"u-text u-text-default u-text-1\">Impacts de foudre (source Blitzortung.org, d\u00e9tecteur de foudre de meteolobbes)<\/h5>\n        <p class=\"u-text u-text-default u-text-2\">\"Blitzortung.org\" est un r\u00e9seau constitu\u00e9 en Belgique d'une petite dizaine  de capteurs foudre, on en compte plus de 400 en Europe.<br>Les impulsions de d\u00e9charges, lors d'un \u00e9clair sont absorb\u00e9es par les d\u00e9tecteurs de foudre et transmises \u00e0 un serveur qui traite l'information et dispose sur les cartes, les traces de ces impacts pour la r\u00e9gion consid\u00e9r\u00e9e.<br>Vous trouverez ci-dessous une carte qui indique par le biais des couleurs: l'endroit et le temps \u00e9coul\u00e9 depuis le coup de foudre. (de 0 \u00e0 15 minutes, de 16 \u00e0 30 minutes, de 31 \u00e0 45 minutes, 46 \u00e0 60 minutes, de 76 \u00e0 90 minutes). \n        <\/p>\n        <div class=\"u-clearfix u-custom-html u-custom-html-1\">\n          <iframe loading=\"lazy\" src=\"https:\/\/map.blitzortung.org\/#6.44\/50.616\/4.672\" allowtransparency=\"true\" scrolling=\"no\" marginwidth=\"0\" marginheight=\"0\" width=\"1000\" height=\"600\" frameborder=\"0\" align=\"middle\"><\/div><\/iframe>\n        <\/div>\n      <\/div>\n    <\/section>\n    \n    \n    \n  \n","protected":false},"excerpt":{"rendered":"<p>Impacts de foudre (source Blitzortung.org, d\u00e9tecteur de foudre de meteolobbes) \u00ab\u00a0Blitzortung.org\u00a0\u00bb est un r\u00e9seau constitu\u00e9 en Belgique d&rsquo;une petite dizaine de capteurs foudre, on en compte plus de 400 en Europe.Les impulsions de d\u00e9charges, lors d&rsquo;un \u00e9clair sont absorb\u00e9es par les d\u00e9tecteurs de foudre et transmises \u00e0 un serveur qui traite l&rsquo;information et dispose sur &hellip; <a href=\"https:\/\/meteosivry-rance.be\/site\/impacts-detecteur-de-foudre\/\" class=\"more-link\">Continue reading<span class=\"screen-reader-text\"> \u00ab\u00a0Impacts detecteur de foudre\u00a0\u00bb<\/span><\/a><\/p>\n","protected":false},"author":1,"featured_media":0,"parent":0,"menu_order":0,"comment_status":"closed","ping_status":"closed","template":"","meta":{"footnotes":""},"class_list":["post-387","page","type-page","status-publish","hentry"],"_links":{"self":[{"href":"https:\/\/meteosivry-rance.be\/site\/wp-json\/wp\/v2\/pages\/387","targetHints":{"allow":["GET"]}}],"collection":[{"href":"https:\/\/meteosivry-rance.be\/site\/wp-json\/wp\/v2\/pages"}],"about":[{"href":"https:\/\/meteosivry-rance.be\/site\/wp-json\/wp\/v2\/types\/page"}],"author":[{"embeddable":true,"href":"https:\/\/meteosivry-rance.be\/site\/wp-json\/wp\/v2\/users\/1"}],"replies":[{"embeddable":true,"href":"https:\/\/meteosivry-rance.be\/site\/wp-json\/wp\/v2\/comments?post=387"}],"version-history":[{"count":8,"href":"https:\/\/meteosivry-rance.be\/site\/wp-json\/wp\/v2\/pages\/387\/revisions"}],"predecessor-version":[{"id":1402,"href":"https:\/\/meteosivry-rance.be\/site\/wp-json\/wp\/v2\/pages\/387\/revisions\/1402"}],"wp:attachment":[{"href":"https:\/\/meteosivry-rance.be\/site\/wp-json\/wp\/v2\/media?parent=387"}],"curies":[{"name":"wp","href":"https:\/\/api.w.org\/{rel}","templated":true}]}}