{"id":381,"date":"2020-07-17T14:41:18","date_gmt":"2020-07-17T12:41:18","guid":{"rendered":"https:\/\/meteojodoigne.be\/wp\/?page_id=381"},"modified":"2020-07-17T15:06:10","modified_gmt":"2020-07-17T13:06:10","slug":"impact-foudre-belgique","status":"publish","type":"page","link":"https:\/\/meteosivry-rance.be\/site\/impact-foudre-belgique\/","title":{"rendered":"Impact Foudre Belgique"},"content":{"rendered":"\n    \n    <section class=\"u-clearfix u-grey-90 u-section-2\" id=\"sec-55c3\">\n      <div class=\"u-clearfix u-sheet u-sheet-1\">\n        <h5 class=\"u-text u-text-default u-text-1\">\n          <a href=\"http:\/\/meteosivry-rance.be\/site\/index.php\/observations\/images-par-radar-foudre\/impacts-foudre-belg-references\">Impacts foudre r\u00e9f\u00e9renc\u00e9s: Belgique.<\/a>\n        <\/h5>\n        <p class=\"u-text u-text-default u-text-2\">Sur cette carte fournie par meteolobbes.be (et notre d\u00e9tecteur de foudre associ\u00e9 au r\u00e9seau \"blitzortung\") vous y d\u00e9couvrirez l'\u00e9volution des situations orageuses et les endroits touch\u00e9s en Belgique.<br>\n          <br>Afin de suivre correctement l'\u00e9volution des orages, il est utile de faire un refresh (F5) de 5 en 5 minutes sur votre ordinateur.<br>\n          <br>A gauche en bas, on distingue le nombre d'impacts.<br>\n          <br>Il est important de faire remarquer que la foudre ne touchera pas n\u00e9cessairement le sol mais peut-\u00eatre un autre nuage... l'impact sera malgr\u00e9 tout not\u00e9 sur la carte.<br>\n          <br>En haut \u00e0 droite, vous trouverez la date et l'heure GMT de la mise \u00e0 jour du document, il faut y ajouter 1 heure en hiver et 2 en \u00e9t\u00e9. \n        <\/p>\n        <div class=\"u-clearfix u-custom-html u-custom-html-1\">\n          <iframe loading=\"lazy\" src=\"https:\/\/meteosivry-rance.be\/site\/impact_foudre.php\" allowtransparency=\"true\" scrolling=\"no\" marginwidth=\"0\" marginheight=\"0\" width=\"900\" height=\"900\" frameborder=\"0\" align=\"middle\"><\/iframe>\n        <\/div>\n      <\/div>\n    <\/section>\n    \n    \n    \n  \n","protected":false},"excerpt":{"rendered":"<p>Impacts foudre r\u00e9f\u00e9renc\u00e9s: Belgique. Sur cette carte fournie par meteolobbes.be (et notre d\u00e9tecteur de foudre associ\u00e9 au r\u00e9seau \u00ab\u00a0blitzortung\u00a0\u00bb) vous y d\u00e9couvrirez l&rsquo;\u00e9volution des situations orageuses et les endroits touch\u00e9s en Belgique. Afin de suivre correctement l&rsquo;\u00e9volution des orages, il est utile de faire un refresh (F5) de 5 en 5 minutes sur votre ordinateur. &hellip; <a href=\"https:\/\/meteosivry-rance.be\/site\/impact-foudre-belgique\/\" class=\"more-link\">Continue reading<span class=\"screen-reader-text\"> \u00ab\u00a0Impact Foudre Belgique\u00a0\u00bb<\/span><\/a><\/p>\n","protected":false},"author":1,"featured_media":0,"parent":0,"menu_order":0,"comment_status":"closed","ping_status":"closed","template":"","meta":{"footnotes":""},"class_list":["post-381","page","type-page","status-publish","hentry"],"_links":{"self":[{"href":"https:\/\/meteosivry-rance.be\/site\/wp-json\/wp\/v2\/pages\/381","targetHints":{"allow":["GET"]}}],"collection":[{"href":"https:\/\/meteosivry-rance.be\/site\/wp-json\/wp\/v2\/pages"}],"about":[{"href":"https:\/\/meteosivry-rance.be\/site\/wp-json\/wp\/v2\/types\/page"}],"author":[{"embeddable":true,"href":"https:\/\/meteosivry-rance.be\/site\/wp-json\/wp\/v2\/users\/1"}],"replies":[{"embeddable":true,"href":"https:\/\/meteosivry-rance.be\/site\/wp-json\/wp\/v2\/comments?post=381"}],"version-history":[{"count":6,"href":"https:\/\/meteosivry-rance.be\/site\/wp-json\/wp\/v2\/pages\/381\/revisions"}],"predecessor-version":[{"id":410,"href":"https:\/\/meteosivry-rance.be\/site\/wp-json\/wp\/v2\/pages\/381\/revisions\/410"}],"wp:attachment":[{"href":"https:\/\/meteosivry-rance.be\/site\/wp-json\/wp\/v2\/media?parent=381"}],"curies":[{"name":"wp","href":"https:\/\/api.w.org\/{rel}","templated":true}]}}