{"id":356,"date":"2020-07-17T14:20:56","date_gmt":"2020-07-17T12:20:56","guid":{"rendered":"https:\/\/meteojodoigne.be\/wp\/?page_id=356"},"modified":"2021-01-20T13:47:12","modified_gmt":"2021-01-20T12:47:12","slug":"radar-precipit-orages-be-eu","status":"publish","type":"page","link":"https:\/\/meteosivry-rance.be\/site\/radar-precipit-orages-be-eu\/","title":{"rendered":"Radar Precipit orages Be EU"},"content":{"rendered":"\n    \n    <section class=\"u-clearfix u-grey-90 u-section-2\" id=\"sec-96cb\">\n      <div class=\"u-clearfix u-sheet u-sheet-1\">\n        <h5 class=\"u-text u-text-1\">Radar: Pr\u00e9cipitations, orages... Belgique et zoom sur l'Europe<\/h5>\n        <p class=\"u-text u-text-2\">Vous trouverez ci-dessous l'image des radars d\u00e9velopp\u00e9e par \"Oleskii\" (Rain viewer). Il vous est loisible de zoomer ou de la r\u00e9duire pour conna\u00eetre l'\u00e9tait des pr\u00e9cipitations en Belgique ou ailleurs en Europe. <br>\n          <br>L\u00e9gende en Fran\u00e7ais: <br>\n          <br>\"Drizzle probably\": Bruine (probable); \"Drizzle\": Bruine; \"Light Rain\": Pluie l\u00e9g\u00e8re; \"Rain\": Pluie; \"Heavy Rain\":&nbsp; Pluie abondante; \"Storm\":&nbsp; Temp\u00eate; \"Hail\": Gr\u00eale.\n        <\/p>\n        <div class=\"u-clearfix u-custom-html u-custom-html-1\">\n          <iframe src=\"https:\/\/www.rainviewer.com\/map.html?loc=50.6912,5.1691,8&amp;oFa=0&amp;oC=0&amp;oU=0&amp;oCS=1&amp;oF=0&amp;oAP=0&amp;rmt=4&amp;c=1&amp;o=83&amp;lm=0&amp;th=0&amp;sm=1&amp;sn=1\" style=\"border:0;height:80vh;\" allowfullscreen=\"\" width=\"100%\" frameborder=\"0\"><\/iframe>\n        <\/div>\n      <\/div>\n    <\/section>\n    \n    \n  \n","protected":false},"excerpt":{"rendered":"<p>Radar: Pr\u00e9cipitations, orages&#8230; Belgique et zoom sur l&rsquo;Europe Vous trouverez ci-dessous l&rsquo;image des radars d\u00e9velopp\u00e9e par \u00ab\u00a0Oleskii\u00a0\u00bb (Rain viewer). Il vous est loisible de zoomer ou de la r\u00e9duire pour conna\u00eetre l&rsquo;\u00e9tait des pr\u00e9cipitations en Belgique ou ailleurs en Europe. L\u00e9gende en Fran\u00e7ais: \u00ab\u00a0Drizzle probably\u00a0\u00bb: Bruine (probable); \u00ab\u00a0Drizzle\u00a0\u00bb: Bruine; \u00ab\u00a0Light Rain\u00a0\u00bb: Pluie l\u00e9g\u00e8re; \u00ab\u00a0Rain\u00a0\u00bb: Pluie; &hellip; <a href=\"https:\/\/meteosivry-rance.be\/site\/radar-precipit-orages-be-eu\/\" class=\"more-link\">Continue reading<span class=\"screen-reader-text\"> \u00ab\u00a0Radar Precipit orages Be EU\u00a0\u00bb<\/span><\/a><\/p>\n","protected":false},"author":1,"featured_media":0,"parent":0,"menu_order":0,"comment_status":"closed","ping_status":"closed","template":"","meta":{"footnotes":""},"class_list":["post-356","page","type-page","status-publish","hentry"],"_links":{"self":[{"href":"https:\/\/meteosivry-rance.be\/site\/wp-json\/wp\/v2\/pages\/356","targetHints":{"allow":["GET"]}}],"collection":[{"href":"https:\/\/meteosivry-rance.be\/site\/wp-json\/wp\/v2\/pages"}],"about":[{"href":"https:\/\/meteosivry-rance.be\/site\/wp-json\/wp\/v2\/types\/page"}],"author":[{"embeddable":true,"href":"https:\/\/meteosivry-rance.be\/site\/wp-json\/wp\/v2\/users\/1"}],"replies":[{"embeddable":true,"href":"https:\/\/meteosivry-rance.be\/site\/wp-json\/wp\/v2\/comments?post=356"}],"version-history":[{"count":8,"href":"https:\/\/meteosivry-rance.be\/site\/wp-json\/wp\/v2\/pages\/356\/revisions"}],"predecessor-version":[{"id":424,"href":"https:\/\/meteosivry-rance.be\/site\/wp-json\/wp\/v2\/pages\/356\/revisions\/424"}],"wp:attachment":[{"href":"https:\/\/meteosivry-rance.be\/site\/wp-json\/wp\/v2\/media?parent=356"}],"curies":[{"name":"wp","href":"https:\/\/api.w.org\/{rel}","templated":true}]}}